{"id":42251,"date":"2021-04-11T20:22:00","date_gmt":"2021-04-11T17:22:00","guid":{"rendered":"https:\/\/fintech.biem.sumdu.edu.ua\/?page_id=42251"},"modified":"2026-02-05T18:02:00","modified_gmt":"2026-02-05T16:02:00","slug":"participation-in-joint-international-projects","status":"publish","type":"page","link":"https:\/\/fintech.biem.sumdu.edu.ua\/en\/participation-in-joint-international-projects","title":{"rendered":"Participation in joint international projects"},"content":{"rendered":"\t\t<div data-elementor-type=\"wp-page\" data-elementor-id=\"42251\" class=\"elementor elementor-42251 elementor-39261\" data-elementor-post-type=\"page\">\n\t\t\t\t\t\t<section class=\"elementor-section elementor-top-section elementor-element elementor-element-aee0dfa elementor-section-boxed elementor-section-height-default elementor-section-height-default\" data-id=\"aee0dfa\" data-element_type=\"section\" data-settings=\"{&quot;jet_parallax_layout_list&quot;:[{&quot;jet_parallax_layout_image&quot;:{&quot;url&quot;:&quot;&quot;,&quot;id&quot;:&quot;&quot;,&quot;size&quot;:&quot;&quot;},&quot;_id&quot;:&quot;8926a30&quot;,&quot;jet_parallax_layout_image_tablet&quot;:{&quot;url&quot;:&quot;&quot;,&quot;id&quot;:&quot;&quot;,&quot;size&quot;:&quot;&quot;},&quot;jet_parallax_layout_image_mobile&quot;:{&quot;url&quot;:&quot;&quot;,&quot;id&quot;:&quot;&quot;,&quot;size&quot;:&quot;&quot;},&quot;jet_parallax_layout_speed&quot;:{&quot;unit&quot;:&quot;%&quot;,&quot;size&quot;:50,&quot;sizes&quot;:[]},&quot;jet_parallax_layout_type&quot;:&quot;scroll&quot;,&quot;jet_parallax_layout_direction&quot;:&quot;1&quot;,&quot;jet_parallax_layout_fx_direction&quot;:null,&quot;jet_parallax_layout_z_index&quot;:&quot;&quot;,&quot;jet_parallax_layout_bg_x&quot;:50,&quot;jet_parallax_layout_bg_x_tablet&quot;:&quot;&quot;,&quot;jet_parallax_layout_bg_x_mobile&quot;:&quot;&quot;,&quot;jet_parallax_layout_bg_y&quot;:50,&quot;jet_parallax_layout_bg_y_tablet&quot;:&quot;&quot;,&quot;jet_parallax_layout_bg_y_mobile&quot;:&quot;&quot;,&quot;jet_parallax_layout_bg_size&quot;:&quot;auto&quot;,&quot;jet_parallax_layout_bg_size_tablet&quot;:&quot;&quot;,&quot;jet_parallax_layout_bg_size_mobile&quot;:&quot;&quot;,&quot;jet_parallax_layout_animation_prop&quot;:&quot;transform&quot;,&quot;jet_parallax_layout_on&quot;:[&quot;desktop&quot;,&quot;tablet&quot;]}]}\">\n\t\t\t\t\t\t<div class=\"elementor-container elementor-column-gap-default\">\n\t\t\t\t\t<div class=\"elementor-column elementor-col-100 elementor-top-column elementor-element elementor-element-05ecf64\" data-id=\"05ecf64\" data-element_type=\"column\">\n\t\t\t<div class=\"elementor-widget-wrap elementor-element-populated\">\n\t\t\t\t\t\t<div class=\"elementor-element elementor-element-ac9fc84 elementor-widget elementor-widget-text-editor\" data-id=\"ac9fc84\" data-element_type=\"widget\" data-widget_type=\"text-editor.default\">\n\t\t\t\t<div class=\"elementor-widget-container\">\n\t\t\t\t\t\t\t\t\t<ul><li><strong>Anastasiia Samoilikova<\/strong> \u2013 participation in a coordination meeting at the <strong>Catholic University of Eichst\u00e4tt-Ingolstadt (Katholische Universit\u00e4t Eichst\u00e4tt-Ingolstadt \u2013 KUEI)<\/strong> within the implementation of the EU Erasmus+ Programme project <strong>ServU: \u201cService-learning in Higher Education for Ukraine\u2019s Recovery\u201d<\/strong> (Project No. 101128922 \u2013 ServU \u2013 ERASMUS-EDU-2023-CBHE). The meeting aimed at developing and implementing training courses for territorial communities of the Sumy region and took place from <strong>27 June to 9 July 2025<\/strong>.<\/li><li><strong>Larysa Hrytsenko<\/strong>, Doctor of Economics, Professor, Head of the Department, and <strong>Oleksandra Tverezovska<\/strong>, PhD student, trainee lecturer, Deputy Head of the Department for International Student Affairs, participated in the <strong>International Scientific Conference \u201c3A: Accounting, Audit, Analysis: Contemporary Economic, Technological and Social Trends: New Challenges or Opportunities\u201d<\/strong> (Vilnius, Lithuania), <strong>27\u201329 November 2024<\/strong>.<\/li><li>Participation of <strong>Olha Liuta<\/strong>, PhD in Economics, Associate Professor, and <strong>Nataliia Pihul<\/strong>, PhD in Economics, Associate Professor, in the <strong>10th International Interdisciplinary Scientific Conference \u201cSocial Development Towards Values Ethics \u2013 Technology \u2013 Society\u201d<\/strong>, held on <strong>24\u201326 September 2024<\/strong> at the <strong>Silesian University of Technology<\/strong> (Gliwice, Poland).<\/li><li>Participation of <strong>Hanna Saltykova<\/strong>, PhD in Economics, Associate Professor, in the Erasmus+ project <strong>\u201cDigital University \u2013 an Open Ukrainian Initiative\u201d (DigiUni)<\/strong>, including mobility at <strong>Leibniz University Hannover<\/strong> (Germany) from <strong>07.2024 to 25.07.2024<\/strong>, at the <strong>University of Alicante<\/strong> (Spain) from <strong>01.06.2024 to 08.06.2024<\/strong>, and at <strong>Adam Mickiewicz University<\/strong> (Pozna\u0144, Poland) from <strong>26.05.2024 to 31.05.2024<\/strong>.<\/li><li>Participation of the department\u2019s academic staff in the project <strong>\u201cUniversity of Liverpool \u2013 Sumy State University Cooperation for Research Digitalisation and Digital Transformation of Ukraine\u201d<\/strong> (international grant within the <strong>\u201cUnity Initiative\u201d<\/strong>), <strong>03.2023\u201331.08.2023<\/strong>. <strong>T. Vasylieva, O. Liuta, O. Pakhnenko, A. Samoilikova, A. Semenoh, and I. Tiutiunyk<\/strong> were members of the research team.<\/li><li>Receipt by <strong> Vasylieva, O. Liuta, O. Pakhnenko, A. Samoilikova, and I. Tiutiunyk<\/strong> of a <strong>\u201cRemote Scholarship\u201d research fellowship<\/strong> from the <strong>University of Liverpool<\/strong> for a period of <strong>three months<\/strong> (international grant, <strong>June\u2013August 2023<\/strong>).<\/li><li>Participation of <strong> Samoilikova<\/strong>, Senior Lecturer of the Department, in the <strong>8th International Scientific Conference \u201cEconomics, Management, Finance and Social Attributes of Economic Systems (EMFSA 2023)\u201d<\/strong>, <strong>6\u20139 July 2023<\/strong>, Portoro\u017e, Slovenia (online).<\/li><li><strong> Samoilikova, T. Kubakh, S. Pokhylko, and L. Riabushka<\/strong> \u2013 recipients of an <strong>individual international grant<\/strong> for studies at the <strong>International Summer School 2023 (online)<\/strong> of the <strong>University of Liverpool<\/strong> (June\u2013July 2023).<\/li><li><strong> Samoilikova<\/strong> \u2013 Module 1: <em>\u201cFake News, Fake Science and Critical Thinking: What Should I Believe?\u201d<\/em><\/li><li><strong> Kubakh, S. Pokhylko, L. Riabushka<\/strong> \u2013 Module 2: <em>\u201cSustainable Development Goals (SDGs), Global Challenges, Local Action, Achieved Outcomes\u201d<\/em>.<\/li><li><strong>International Summer School of the University of Liverpool<\/strong> (June\u2013July 2022), held within the partnership programme between <strong>Sumy State University<\/strong> and the <strong>University of Liverpool<\/strong>.<\/li><li>In Module 1 <em>\u201cSustainable Development Goals (SDGs), Global Challenges, Local Action, Achieved Outcomes\u201d<\/em>, participants included <strong>Senior Lecturer, PhD in Economics Anastasiia Samoilikova<\/strong> and student <strong>Liliia Derkach<\/strong>.<\/li><li>In Module 2 <em>\u201cFake News, Fake Science and Critical Thinking: What Should I Believe?\u201d<\/em>, participants included <strong>Head of the Department, Doctor of Economics, Professor Larysa Hrytsenko<\/strong> and student <strong>Liliia Derkach<\/strong>.<\/li><li>Participation of <strong> Vasylieva, A. Samoilikova, O. Kryklii, and O. Liuta<\/strong> in the <strong>8th International Interdisciplinary Scientific Conference \u201cSocial Development Towards Values: Ethics \u2013 Technology \u2013 Society\u201d<\/strong>, <strong>28\u201330 September 2022<\/strong>, Wi\u015bla, Poland.<\/li><li>Participation of <strong> Samoilikova and T. Vasylieva<\/strong> in the international conference <strong>\u201cLeadership, Entrepreneurship and Sustainable Development Post COVID-19\u201d<\/strong> \u2013 <strong>PRIZK International Leadership Conference<\/strong>, <strong>24\u201325 June 2022<\/strong>, Prague, Czech Republic.<\/li><li>Participation of <strong> Samoilikova<\/strong> in the <strong>International Forum on Virtual Teaching and Learning: \u201cHarnessing HyFlex and Collaborative Online International Learning (COIL) in Developing Global Citizens\u201d<\/strong>, organised by <strong>Camarines Sur Polytechnic Colleges (Philippines)<\/strong>, <strong>Sumy State University (Ukraine)<\/strong>, and <strong>Prince of Songkla University (Thailand)<\/strong>, <strong>27 October 2022<\/strong> (online).<\/li><li>Participation of <strong> Tverezovska, O. Pakhnenko, and L. Hrytsenko<\/strong> in the <strong>International Scientific Conference \u201cAccounting, Audit, Analysis: Transformation of Science and Business in the New Economic Reality\u201d<\/strong>, <strong>25\u201326 November 2021<\/strong>, Vilnius, Lithuania.<\/li><li>Participation of <strong> Tverezovska<\/strong> in the <strong>2nd International Science Conference \u201cSER: New Trends and Best Practices in Socioeconomic Research\u201d<\/strong>, <strong>17\u201319 September 2020<\/strong>, Igalo (Herceg Novi), Montenegro.<\/li><li><strong>Liudmyla Zakharkina<\/strong>, lecturer of the Department of Financial Technologies and Entrepreneurship, participated in the seminar <strong>\u201cWar Economy\u201d<\/strong> at the <strong>University of Stavanger<\/strong> (Stavanger, Norway) within the <strong>K\u00c5K\u00c5|nomics Festival<\/strong>, <strong>26\u201329 October 2022<\/strong>.<\/li><li>International Conference &#8220;Development of Science and Education in the framework of international cooperation&#8221; in the framework of the event &#8220;Days of Ukraine in Germany&#8221;, September 19-20, 2019, University of T\u00fcbingen, Germany;<\/li><li>Economic Forum \u201cDie Ukraine und die EU: Chancen und Herausforderungen\u201d with the support of the Embassy of Ukraine in the Federal Republic of Germany, Berlin, November 14, 2018;<\/li><li>Economic Forum \u201cUkraine in Europe: Prospects and Challenges of Economic and Social Integration\u201d with the support of the Alfred Krupp Foundation, Greifswald, Germany, August 22, 2017:<\/li><li>International Conference &#8220;Institutional changes in the Ukrainian and EU banking systems&#8221;, Sumy, Ukraine, October 17-19, 2016;<\/li><li>International Scientific Workshop (Supra) national institutions of financial regulation in the framework of the project DAAD &#8220;Support for Democracy in Ukraine&#8221;, Freiberg, Germany, April 19-20, 2016;<\/li><li>Participation in a series of seminars and trainings of the associate professor of the department Krikliy OA within the framework of a joint grant project with the University of Bath Spa (Bath, UK) &#8220;Academic exchange of staff to study best practices of university management in terms of educational activities, quality assurance, internationalization, employment and cooperation with employers, development of bilateral partnership&#8221; EU Erasmus +<\/li><\/ul>\t\t\t\t\t\t\t\t<\/div>\n\t\t\t\t<\/div>\n\t\t\t\t\t<\/div>\n\t\t<\/div>\n\t\t\t\t\t<\/div>\n\t\t<\/section>\n\t\t\t\t<\/div>\n\t\t","protected":false},"excerpt":{"rendered":"<p>Anastasiia Samoilikova \u2013 participation in a coordination meeting at the Catholic University of Eichst\u00e4tt-Ingolstadt (Katholische Universit\u00e4t Eichst\u00e4tt-Ingolstadt \u2013 KUEI) within the implementation of the EU Erasmus+ Programme project ServU: \u201cService-learning in Higher Education for Ukraine\u2019s Recovery\u201d (Project No. 101128922 \u2013 ServU \u2013 ERASMUS-EDU-2023-CBHE). The meeting aimed at developing and implementing training courses for territorial communities [&hellip;]<\/p>\n","protected":false},"author":2,"featured_media":0,"parent":0,"menu_order":0,"comment_status":"closed","ping_status":"closed","template":"","meta":{"footnotes":"","_wp_rev_ctl_limit":""},"class_list":["post-42251","page","type-page","status-publish","hentry"],"publishpress_future_action":{"enabled":false,"date":"2026-04-15 21:33:36","action":"change-status","newStatus":"draft","terms":[],"taxonomy":"translation_priority","extraData":[]},"publishpress_future_workflow_manual_trigger":{"enabledWorkflows":[]},"_links":{"self":[{"href":"https:\/\/fintech.biem.sumdu.edu.ua\/en\/wp-json\/wp\/v2\/pages\/42251","targetHints":{"allow":["GET"]}}],"collection":[{"href":"https:\/\/fintech.biem.sumdu.edu.ua\/en\/wp-json\/wp\/v2\/pages"}],"about":[{"href":"https:\/\/fintech.biem.sumdu.edu.ua\/en\/wp-json\/wp\/v2\/types\/page"}],"author":[{"embeddable":true,"href":"https:\/\/fintech.biem.sumdu.edu.ua\/en\/wp-json\/wp\/v2\/users\/2"}],"replies":[{"embeddable":true,"href":"https:\/\/fintech.biem.sumdu.edu.ua\/en\/wp-json\/wp\/v2\/comments?post=42251"}],"version-history":[{"count":3,"href":"https:\/\/fintech.biem.sumdu.edu.ua\/en\/wp-json\/wp\/v2\/pages\/42251\/revisions"}],"predecessor-version":[{"id":63848,"href":"https:\/\/fintech.biem.sumdu.edu.ua\/en\/wp-json\/wp\/v2\/pages\/42251\/revisions\/63848"}],"wp:attachment":[{"href":"https:\/\/fintech.biem.sumdu.edu.ua\/en\/wp-json\/wp\/v2\/media?parent=42251"}],"curies":[{"name":"wp","href":"https:\/\/api.w.org\/{rel}","templated":true}]}}